{"id":10,"date":"2025-10-30T09:39:32","date_gmt":"2025-10-30T09:39:32","guid":{"rendered":"https:\/\/web2.prototipoweb.es\/?page_id=10"},"modified":"2025-12-01T12:55:31","modified_gmt":"2025-12-01T12:55:31","slug":"sobre-nosotros","status":"publish","type":"page","link":"https:\/\/web2.prototipoweb.es\/?page_id=10","title":{"rendered":"Sobre Nosotros"},"content":{"rendered":"\t\t<div data-elementor-type=\"wp-page\" data-elementor-id=\"10\" class=\"elementor elementor-10\" data-elementor-post-type=\"page\">\n\t\t\t\t<div class=\"elementor-element elementor-element-0db60df e-flex e-con-boxed e-con e-parent\" data-id=\"0db60df\" data-element_type=\"container\" data-settings=\"{&quot;background_background&quot;:&quot;classic&quot;}\">\n\t\t\t\t\t<div class=\"e-con-inner\">\n\t\t\t\t<div class=\"elementor-element elementor-element-5995ce0 elementor-widget elementor-widget-heading\" data-id=\"5995ce0\" data-element_type=\"widget\" data-widget_type=\"heading.default\">\n\t\t\t\t\t<h2 class=\"elementor-heading-title elementor-size-default\">Sobre <span class=\"resaltado\">Lovale <\/span><\/h2>\t\t\t\t<\/div>\n\t\t\t\t<div class=\"elementor-element elementor-element-e017f66 elementor-widget elementor-widget-heading\" data-id=\"e017f66\" data-element_type=\"widget\" data-widget_type=\"heading.default\">\n\t\t\t\t\t<h2 class=\"elementor-heading-title elementor-size-default\"><span style=\"font-size: 20px;font-weight: 400;letter-spacing: normal;text-align: center\">M\u00e1s de 15 a\u00f1os dedicados al cuidado profesional de los pies en Ja\u00e9n<\/span><\/h2>\t\t\t\t<\/div>\n\t\t\t\t\t<\/div>\n\t\t\t\t<\/div>\n\t\t<div class=\"elementor-element elementor-element-a0f949f e-flex e-con-boxed e-con e-parent\" data-id=\"a0f949f\" data-element_type=\"container\">\n\t\t\t\t\t<div class=\"e-con-inner\">\n\t\t\t\t<div class=\"elementor-element elementor-element-5fae576 elementor-widget elementor-widget-heading\" data-id=\"5fae576\" data-element_type=\"widget\" data-widget_type=\"heading.default\">\n\t\t\t\t\t<h2 class=\"elementor-heading-title elementor-size-default\"><span style=\"font-size: 2.25rem;letter-spacing: -0.025em\">Nuestra Historia<\/span><\/h2>\t\t\t\t<\/div>\n\t\t\t\t<div class=\"elementor-element elementor-element-60d6312 elementor-widget elementor-widget-text-editor\" data-id=\"60d6312\" data-element_type=\"widget\" data-widget_type=\"text-editor.default\">\n\t\t\t\t\t\t\t\t\t<p class=\"text-lg text-muted-foreground\" style=\"--tw-border-spacing-x: 0; --tw-border-spacing-y: 0; --tw-translate-x: 0; --tw-translate-y: 0; --tw-rotate: 0; --tw-skew-x: 0; --tw-skew-y: 0; --tw-scale-x: 1; --tw-scale-y: 1; --tw-scroll-snap-strictness: proximity; --tw-ring-offset-width: 0px; --tw-ring-offset-color: #fff; --tw-ring-color: rgb(59 130 246 \/ .5); --tw-ring-offset-shadow: 0 0 #0000; --tw-ring-shadow: 0 0 #0000; --tw-shadow: 0 0 #0000; --tw-shadow-colored: 0 0 #0000; border-width: 0px; border-color: #d9e8e0; margin: 16px 0px 0px; font-size: 1.125rem; line-height: 1.75rem; color: #6c8093; --tw-space-y-reverse: 0; font-family: ui-sans-serif, system-ui, sans-serif, 'Apple Color Emoji', 'Segoe UI Emoji', 'Segoe UI Symbol', 'Noto Color Emoji'; letter-spacing: normal; text-wrap-mode: wrap;\">Lovale naci\u00f3 en 2009 con una visi\u00f3n clara: ofrecer servicios de podolog\u00eda de la m\u00e1s alta calidad en Ja\u00e9n con un enfoque humano y cercano. Desde entonces, hemos ayudado a miles de pacientes a mejorar su calidad de vida a trav\u00e9s del cuidado especializado de sus pies.<\/p><p class=\"text-lg text-muted-foreground\" style=\"--tw-border-spacing-x: 0; --tw-border-spacing-y: 0; --tw-translate-x: 0; --tw-translate-y: 0; --tw-rotate: 0; --tw-skew-x: 0; --tw-skew-y: 0; --tw-scale-x: 1; --tw-scale-y: 1; --tw-scroll-snap-strictness: proximity; --tw-ring-offset-width: 0px; --tw-ring-offset-color: #fff; --tw-ring-color: rgb(59 130 246 \/ .5); --tw-ring-offset-shadow: 0 0 #0000; --tw-ring-shadow: 0 0 #0000; --tw-shadow: 0 0 #0000; --tw-shadow-colored: 0 0 #0000; border-width: 0px; border-color: #d9e8e0; margin: 16px 0px 0px; font-size: 1.125rem; line-height: 1.75rem; color: #6c8093; --tw-space-y-reverse: 0; font-family: ui-sans-serif, system-ui, sans-serif, 'Apple Color Emoji', 'Segoe UI Emoji', 'Segoe UI Symbol', 'Noto Color Emoji'; letter-spacing: normal; text-wrap-mode: wrap;\">Lo que comenz\u00f3 como una peque\u00f1a consulta ha crecido hasta convertirse en una de las cl\u00ednicas de podolog\u00eda de referencia en la provincia, manteniendo siempre nuestros valores fundamentales: profesionalidad, empat\u00eda y compromiso con la salud de nuestros pacientes.<\/p>\t\t\t\t\t\t\t\t<\/div>\n\t\t\t\t\t<\/div>\n\t\t\t\t<\/div>\n\t\t<div class=\"elementor-element elementor-element-0ffec8a e-flex e-con-boxed e-con e-parent\" data-id=\"0ffec8a\" data-element_type=\"container\" data-settings=\"{&quot;background_background&quot;:&quot;classic&quot;}\">\n\t\t\t\t\t<div class=\"e-con-inner\">\n\t\t\t\t<div class=\"elementor-element elementor-element-e1ac3c4 elementor-widget elementor-widget-heading\" data-id=\"e1ac3c4\" data-element_type=\"widget\" data-widget_type=\"heading.default\">\n\t\t\t\t\t<h2 class=\"elementor-heading-title elementor-size-default\"><span style=\"font-size: 2.25rem;letter-spacing: -0.025em;text-align: center\">Nuestros Valores<\/span><\/h2>\t\t\t\t<\/div>\n\t\t\t\t<div class=\"elementor-element elementor-element-6f37370 elementor-widget elementor-widget-heading\" data-id=\"6f37370\" data-element_type=\"widget\" data-widget_type=\"heading.default\">\n\t\t\t\t\t<h2 class=\"elementor-heading-title elementor-size-default\"><span style=\"font-size: 18px;font-weight: 400;letter-spacing: normal;text-align: center\">Principios que gu\u00edan nuestro trabajo diario y definen nuestra forma de cuidarte<\/span><\/h2>\t\t\t\t<\/div>\n\t\t<div class=\"elementor-element elementor-element-d3fcd1a e-con-full e-flex e-con e-child\" data-id=\"d3fcd1a\" data-element_type=\"container\">\n\t\t<div class=\"elementor-element elementor-element-429d054 e-con-full e-flex e-con e-child\" data-id=\"429d054\" data-element_type=\"container\">\n\t\t<div class=\"elementor-element elementor-element-97ff2e0 e-con-full e-flex e-con e-child\" data-id=\"97ff2e0\" data-element_type=\"container\">\n\t\t\t\t<div class=\"elementor-element elementor-element-d2da400 elementor-widget elementor-widget-image\" data-id=\"d2da400\" data-element_type=\"widget\" data-widget_type=\"image.default\">\n\t\t\t\t\t\t\t\t\t\t\t\t\t\t\t<img decoding=\"async\" width=\"42\" height=\"41\" src=\"https:\/\/web2.prototipoweb.es\/wp-content\/uploads\/2025\/12\/Captura-de-pantalla-2025-10-14-085005.png\" class=\"attachment-large size-large wp-image-131\" alt=\"\" \/>\t\t\t\t\t\t\t\t\t\t\t\t\t\t\t<\/div>\n\t\t\t\t<div class=\"elementor-element elementor-element-50e3de2 elementor-widget elementor-widget-heading\" data-id=\"50e3de2\" data-element_type=\"widget\" data-widget_type=\"heading.default\">\n\t\t\t\t\t<h2 class=\"elementor-heading-title elementor-size-default\">Atenci\u00f3n Personalizada<\/h2>\t\t\t\t<\/div>\n\t\t\t\t<div class=\"elementor-element elementor-element-d9ea3cb elementor-widget elementor-widget-text-editor\" data-id=\"d9ea3cb\" data-element_type=\"widget\" data-widget_type=\"text-editor.default\">\n\t\t\t\t\t\t\t\t\t<p>Cada paciente es \u00fanico y merece un tratamiento adaptado a sus necesidades espec\u00edficas.<\/p>\t\t\t\t\t\t\t\t<\/div>\n\t\t\t\t<\/div>\n\t\t<div class=\"elementor-element elementor-element-0f739b0 e-con-full e-flex e-con e-child\" data-id=\"0f739b0\" data-element_type=\"container\">\n\t\t\t\t<div class=\"elementor-element elementor-element-cdbb5c3 elementor-widget elementor-widget-image\" data-id=\"cdbb5c3\" data-element_type=\"widget\" data-widget_type=\"image.default\">\n\t\t\t\t\t\t\t\t\t\t\t\t\t\t\t<img decoding=\"async\" width=\"41\" height=\"45\" src=\"https:\/\/web2.prototipoweb.es\/wp-content\/uploads\/2025\/12\/Captura-de-pantalla-2025-10-17-103640.png\" class=\"attachment-large size-large wp-image-132\" alt=\"\" \/>\t\t\t\t\t\t\t\t\t\t\t\t\t\t\t<\/div>\n\t\t\t\t<div class=\"elementor-element elementor-element-76d07b6 elementor-widget elementor-widget-heading\" data-id=\"76d07b6\" data-element_type=\"widget\" data-widget_type=\"heading.default\">\n\t\t\t\t\t<h2 class=\"elementor-heading-title elementor-size-default\">Trato Cercano<\/h2>\t\t\t\t<\/div>\n\t\t\t\t<div class=\"elementor-element elementor-element-5aa1c5c elementor-widget elementor-widget-text-editor\" data-id=\"5aa1c5c\" data-element_type=\"widget\" data-widget_type=\"text-editor.default\">\n\t\t\t\t\t\t\t\t\t<p>Creamos un ambiente de confianza donde te sientes c\u00f3modo y escuchado.<\/p>\t\t\t\t\t\t\t\t<\/div>\n\t\t\t\t<\/div>\n\t\t\t\t<\/div>\n\t\t<div class=\"elementor-element elementor-element-9190937 e-con-full e-flex e-con e-child\" data-id=\"9190937\" data-element_type=\"container\">\n\t\t<div class=\"elementor-element elementor-element-8e74a48 e-con-full e-flex e-con e-child\" data-id=\"8e74a48\" data-element_type=\"container\">\n\t\t\t\t<div class=\"elementor-element elementor-element-663908f elementor-widget elementor-widget-image\" data-id=\"663908f\" data-element_type=\"widget\" data-widget_type=\"image.default\">\n\t\t\t\t\t\t\t\t\t\t\t\t\t\t\t<img decoding=\"async\" width=\"40\" height=\"41\" src=\"https:\/\/web2.prototipoweb.es\/wp-content\/uploads\/2025\/12\/Captura-de-pantalla-2025-10-17-103629.png\" class=\"attachment-large size-large wp-image-133\" alt=\"\" \/>\t\t\t\t\t\t\t\t\t\t\t\t\t\t\t<\/div>\n\t\t\t\t<div class=\"elementor-element elementor-element-2093cf9 elementor-widget elementor-widget-heading\" data-id=\"2093cf9\" data-element_type=\"widget\" data-widget_type=\"heading.default\">\n\t\t\t\t\t<h2 class=\"elementor-heading-title elementor-size-default\">Excelencia Profesional<\/h2>\t\t\t\t<\/div>\n\t\t\t\t<div class=\"elementor-element elementor-element-c843b51 elementor-widget elementor-widget-text-editor\" data-id=\"c843b51\" data-element_type=\"widget\" data-widget_type=\"text-editor.default\">\n\t\t\t\t\t\t\t\t\t<p>Formaci\u00f3n continua y actualizaci\u00f3n constante en las \u00faltimas t\u00e9cnicas podol\u00f3gicas.<\/p>\t\t\t\t\t\t\t\t<\/div>\n\t\t\t\t<\/div>\n\t\t<div class=\"elementor-element elementor-element-67a64b1 e-con-full e-flex e-con e-child\" data-id=\"67a64b1\" data-element_type=\"container\">\n\t\t\t\t<div class=\"elementor-element elementor-element-9f68ce6 elementor-widget elementor-widget-image\" data-id=\"9f68ce6\" data-element_type=\"widget\" data-widget_type=\"image.default\">\n\t\t\t\t\t\t\t\t\t\t\t\t\t\t\t<img loading=\"lazy\" decoding=\"async\" width=\"42\" height=\"45\" src=\"https:\/\/web2.prototipoweb.es\/wp-content\/uploads\/2025\/12\/Captura-de-pantalla-2025-10-17-103655.png\" class=\"attachment-large size-large wp-image-134\" alt=\"\" \/>\t\t\t\t\t\t\t\t\t\t\t\t\t\t\t<\/div>\n\t\t\t\t<div class=\"elementor-element elementor-element-4bac0d6 elementor-widget elementor-widget-heading\" data-id=\"4bac0d6\" data-element_type=\"widget\" data-widget_type=\"heading.default\">\n\t\t\t\t\t<h2 class=\"elementor-heading-title elementor-size-default\">Innovaci\u00f3n Constante<\/h2>\t\t\t\t<\/div>\n\t\t\t\t<div class=\"elementor-element elementor-element-bd4d26d elementor-widget elementor-widget-text-editor\" data-id=\"bd4d26d\" data-element_type=\"widget\" data-widget_type=\"text-editor.default\">\n\t\t\t\t\t\t\t\t\t<p>Incorporamos la tecnolog\u00eda m\u00e1s avanzada para ofrecer los mejores resultados.<\/p>\t\t\t\t\t\t\t\t<\/div>\n\t\t\t\t<\/div>\n\t\t\t\t<\/div>\n\t\t\t\t<\/div>\n\t\t\t\t\t<\/div>\n\t\t\t\t<\/div>\n\t\t<div class=\"elementor-element elementor-element-e2c730d e-flex e-con-boxed e-con e-parent\" data-id=\"e2c730d\" data-element_type=\"container\">\n\t\t\t\t\t<div class=\"e-con-inner\">\n\t\t<div class=\"elementor-element elementor-element-e2a894f e-con-full e-flex e-con e-child\" data-id=\"e2a894f\" data-element_type=\"container\">\n\t\t<div class=\"elementor-element elementor-element-ac9c8ae e-con-full e-flex e-con e-child\" data-id=\"ac9c8ae\" data-element_type=\"container\">\n\t\t\t\t<div class=\"elementor-element elementor-element-5b45a62 elementor-widget elementor-widget-heading\" data-id=\"5b45a62\" data-element_type=\"widget\" data-widget_type=\"heading.default\">\n\t\t\t\t\t<h2 class=\"elementor-heading-title elementor-size-default\"><span style=\"font-size: 2.25rem;letter-spacing: -0.025em;text-align: center\">Nuestro Equipo<\/span><\/h2>\t\t\t\t<\/div>\n\t\t\t\t<\/div>\n\t\t<div class=\"elementor-element elementor-element-63bda12 e-con-full e-flex e-con e-child\" data-id=\"63bda12\" data-element_type=\"container\">\n\t\t\t\t<div class=\"elementor-element elementor-element-ce73dfe elementor-widget elementor-widget-heading\" data-id=\"ce73dfe\" data-element_type=\"widget\" data-widget_type=\"heading.default\">\n\t\t\t\t\t<h2 class=\"elementor-heading-title elementor-size-default\"><h3 style=\"--tw-border-spacing-x: 0;--tw-border-spacing-y: 0;--tw-translate-x: 0;--tw-translate-y: 0;--tw-rotate: 0;--tw-skew-x: 0;--tw-skew-y: 0;--tw-scale-x: 1;--tw-scale-y: 1;--tw-pan-x:;--tw-pan-y:;--tw-pinch-zoom:;--tw-scroll-snap-strictness: proximity;--tw-gradient-from-position:;--tw-gradient-via-position:;--tw-gradient-to-position:;--tw-ordinal:;--tw-slashed-zero:;--tw-numeric-figure:;--tw-numeric-spacing:;--tw-numeric-fraction:;--tw-ring-inset:;--tw-ring-offset-width: 0px;--tw-r #fff;--tw-ring-shadow: 0 0 #0000;--tw-shadow: 0 0 #0000;--tw-shadow-colored: 0 0 #0000;--tw-blur:;--tw-brightness:;--tw-contrast:;--tw-grayscale:;--tw-hue-rotate:;--tw-invert:;--tw-saturate:;--tw-sepia:;--tw-drop-shadow:;--tw-backdrop-blur:;--tw-backdrop-brightness:;--tw-backdrop-contrast:;--tw-backdrop-grayscale:;--tw-backdrop-hue-rotate:;--tw-backdrop-invert:;--tw-backdrop-opacity:;--tw-backdrop-saturate:;--tw-backdrop-sepia:;--tw-contain-size:;--tw-contain-layout:;--tw-contain-paint:;--tw-contain-style:;border-width: 0px;font-size: 1.5rem;font-weight: 700;margin: 0px 0px 0.5rem;letter-spacing: -0.025em;white-space: normal\">Dr. Carlos Fern\u00e1ndez L\u00f3pez<span style=\"font-family: Roboto, sans-serif;font-size: 32px;letter-spacing: -0.1px\"><\/span><\/h3><\/h2>\t\t\t\t<\/div>\n\t\t\t\t<div class=\"elementor-element elementor-element-3b44e52 elementor-widget elementor-widget-heading\" data-id=\"3b44e52\" data-element_type=\"widget\" data-widget_type=\"heading.default\">\n\t\t\t\t\t<h2 class=\"elementor-heading-title elementor-size-default\"><span style=\"font-size: medium;font-weight: 500;letter-spacing: normal\">Pod\u00f3logo Colegiado n\u00ba 12345 - Director de Lovale<\/span><\/h2>\t\t\t\t<\/div>\n\t\t\t\t<div class=\"elementor-element elementor-element-f8f1c01 elementor-widget elementor-widget-text-editor\" data-id=\"f8f1c01\" data-element_type=\"widget\" data-widget_type=\"text-editor.default\">\n\t\t\t\t\t\t\t\t\t<p style=\"--tw-border-spacing-x: 0; --tw-border-spacing-y: 0; --tw-translate-x: 0; --tw-translate-y: 0; --tw-rotate: 0; --tw-skew-x: 0; --tw-skew-y: 0; --tw-scale-x: 1; --tw-scale-y: 1; --tw-scroll-snap-strictness: proximity; --tw-ring-offset-width: 0px; --tw-ring-offset-color: #fff; --tw-ring-color: rgb(59 130 246 \/ .5); --tw-ring-offset-shadow: 0 0 #0000; --tw-ring-shadow: 0 0 #0000; --tw-shadow: 0 0 #0000; --tw-shadow-colored: 0 0 #0000; border-width: 0px; border-color: #d9e8e0; margin: 0px; color: #6c8093; font-family: ui-sans-serif, system-ui, sans-serif, 'Apple Color Emoji', 'Segoe UI Emoji', 'Segoe UI Symbol', 'Noto Color Emoji'; font-size: medium; letter-spacing: normal; text-wrap-mode: wrap;\">Licenciado en Podolog\u00eda por la Universidad Complutense de Madrid, con m\u00e1s de 15 a\u00f1os de experiencia en el tratamiento integral del pie. Especializado en biomec\u00e1nica, podolog\u00eda deportiva y cirug\u00eda podol\u00f3gica m\u00ednimamente invasiva.<\/p><p style=\"--tw-border-spacing-x: 0; --tw-border-spacing-y: 0; --tw-translate-x: 0; --tw-translate-y: 0; --tw-rotate: 0; --tw-skew-x: 0; --tw-skew-y: 0; --tw-scale-x: 1; --tw-scale-y: 1; --tw-scroll-snap-strictness: proximity; --tw-ring-offset-width: 0px; --tw-ring-offset-color: #fff; --tw-ring-color: rgb(59 130 246 \/ .5); --tw-ring-offset-shadow: 0 0 #0000; --tw-ring-shadow: 0 0 #0000; --tw-shadow: 0 0 #0000; --tw-shadow-colored: 0 0 #0000; border-width: 0px; border-color: #d9e8e0; margin: 16px 0px 0px; --tw-space-y-reverse: 0; color: #6c8093; font-family: ui-sans-serif, system-ui, sans-serif, 'Apple Color Emoji', 'Segoe UI Emoji', 'Segoe UI Symbol', 'Noto Color Emoji'; font-size: medium; letter-spacing: normal; text-wrap-mode: wrap;\">A lo largo de su carrera profesional, ha colaborado con equipos deportivos de \u00e9lite y ha participado en numerosos cursos de formaci\u00f3n y congresos nacionales e internacionales, manteni\u00e9ndose siempre a la vanguardia de las \u00faltimas t\u00e9cnicas y tratamientos podol\u00f3gicos.<\/p>\t\t\t\t\t\t\t\t<\/div>\n\t\t\t\t<div class=\"elementor-element elementor-element-5280052 elementor-widget-divider--view-line elementor-widget elementor-widget-divider\" data-id=\"5280052\" data-element_type=\"widget\" data-widget_type=\"divider.default\">\n\t\t\t\t\t\t\t<div class=\"elementor-divider\">\n\t\t\t<span class=\"elementor-divider-separator\">\n\t\t\t\t\t\t<\/span>\n\t\t<\/div>\n\t\t\t\t\t\t<\/div>\n\t\t\t\t<div class=\"elementor-element elementor-element-9c28d46 elementor-widget elementor-widget-text-editor\" data-id=\"9c28d46\" data-element_type=\"widget\" data-widget_type=\"text-editor.default\">\n\t\t\t\t\t\t\t\t\t<h4 class=\"font-semibold mb-3\" style=\"--tw-border-spacing-x: 0; --tw-border-spacing-y: 0; --tw-translate-x: 0; --tw-translate-y: 0; --tw-rotate: 0; --tw-skew-x: 0; --tw-skew-y: 0; --tw-scale-x: 1; --tw-scale-y: 1; --tw-scroll-snap-strictness: proximity; --tw-ring-offset-width: 0px; --tw-ring-offset-color: #fff; --tw-ring-color: rgb(59 130 246 \/ .5); --tw-ring-offset-shadow: 0 0 #0000; --tw-ring-shadow: 0 0 #0000; --tw-shadow: 0 0 #0000; --tw-shadow-colored: 0 0 #0000; border-width: 0px; border-color: #d9e8e0; font-size: medium; font-weight: 600; margin: 0px 0px 0.75rem; letter-spacing: -0.025em; color: #2b333b; font-family: ui-sans-serif, system-ui, sans-serif, 'Apple Color Emoji', 'Segoe UI Emoji', 'Segoe UI Symbol', 'Noto Color Emoji'; text-wrap-mode: wrap;\">Especializaciones:<\/h4><ul class=\"grid sm:grid-cols-2 gap-2 text-sm text-muted-foreground\" style=\"--tw-border-spacing-x: 0; --tw-border-spacing-y: 0; --tw-translate-x: 0; --tw-translate-y: 0; --tw-rotate: 0; --tw-skew-x: 0; --tw-skew-y: 0; --tw-scale-x: 1; --tw-scale-y: 1; --tw-scroll-snap-strictness: proximity; --tw-ring-offset-width: 0px; --tw-ring-offset-color: #fff; --tw-ring-color: rgb(59 130 246 \/ .5); --tw-ring-offset-shadow: 0 0 #0000; --tw-ring-shadow: 0 0 #0000; --tw-shadow: 0 0 #0000; --tw-shadow-colored: 0 0 #0000; border-width: 0px; border-color: #d9e8e0; list-style: none; margin: 0px; padding: 0px; display: grid; gap: 0.5rem; font-size: 0.875rem; line-height: 1.25rem; color: #6c8093; grid-template-columns: repeat(2, minmax(0px, 1fr)); font-family: ui-sans-serif, system-ui, sans-serif, 'Apple Color Emoji', 'Segoe UI Emoji', 'Segoe UI Symbol', 'Noto Color Emoji'; letter-spacing: normal;\"><li style=\"--tw-border-spacing-x: 0; --tw-border-spacing-y: 0; --tw-translate-x: 0; --tw-translate-y: 0; --tw-rotate: 0; --tw-skew-x: 0; --tw-skew-y: 0; --tw-scale-x: 1; --tw-scale-y: 1; --tw-scroll-snap-strictness: proximity; --tw-ring-offset-width: 0px; --tw-ring-offset-color: #fff; --tw-ring-color: rgb(59 130 246 \/ .5); --tw-ring-offset-shadow: 0 0 #0000; --tw-ring-shadow: 0 0 #0000; --tw-shadow: 0 0 #0000; --tw-shadow-colored: 0 0 #0000; border-width: 0px; border-color: #d9e8e0;\">\u2022 Biomec\u00e1nica y an\u00e1lisis de la marcha<\/li><li style=\"--tw-border-spacing-x: 0; --tw-border-spacing-y: 0; --tw-translate-x: 0; --tw-translate-y: 0; --tw-rotate: 0; --tw-skew-x: 0; --tw-skew-y: 0; --tw-scale-x: 1; --tw-scale-y: 1; --tw-scroll-snap-strictness: proximity; --tw-ring-offset-width: 0px; --tw-ring-offset-color: #fff; --tw-ring-color: rgb(59 130 246 \/ .5); --tw-ring-offset-shadow: 0 0 #0000; --tw-ring-shadow: 0 0 #0000; --tw-shadow: 0 0 #0000; --tw-shadow-colored: 0 0 #0000; border-width: 0px; border-color: #d9e8e0;\">\u2022 Plantillas ortop\u00e9dicas personalizadas<\/li><li style=\"--tw-border-spacing-x: 0; --tw-border-spacing-y: 0; --tw-translate-x: 0; --tw-translate-y: 0; --tw-rotate: 0; --tw-skew-x: 0; --tw-skew-y: 0; --tw-scale-x: 1; --tw-scale-y: 1; --tw-scroll-snap-strictness: proximity; --tw-ring-offset-width: 0px; --tw-ring-offset-color: #fff; --tw-ring-color: rgb(59 130 246 \/ .5); --tw-ring-offset-shadow: 0 0 #0000; --tw-ring-shadow: 0 0 #0000; --tw-shadow: 0 0 #0000; --tw-shadow-colored: 0 0 #0000; border-width: 0px; border-color: #d9e8e0;\">\u2022 Podolog\u00eda deportiva<\/li><li style=\"--tw-border-spacing-x: 0; --tw-border-spacing-y: 0; --tw-translate-x: 0; --tw-translate-y: 0; --tw-rotate: 0; --tw-skew-x: 0; --tw-skew-y: 0; --tw-scale-x: 1; --tw-scale-y: 1; --tw-scroll-snap-strictness: proximity; --tw-ring-offset-width: 0px; --tw-ring-offset-color: #fff; --tw-ring-color: rgb(59 130 246 \/ .5); --tw-ring-offset-shadow: 0 0 #0000; --tw-ring-shadow: 0 0 #0000; --tw-shadow: 0 0 #0000; --tw-shadow-colored: 0 0 #0000; border-width: 0px; border-color: #d9e8e0;\">\u2022 Cirug\u00eda podol\u00f3gica<\/li><li style=\"--tw-border-spacing-x: 0; --tw-border-spacing-y: 0; --tw-translate-x: 0; --tw-translate-y: 0; --tw-rotate: 0; --tw-skew-x: 0; --tw-skew-y: 0; --tw-scale-x: 1; --tw-scale-y: 1; --tw-scroll-snap-strictness: proximity; --tw-ring-offset-width: 0px; --tw-ring-offset-color: #fff; --tw-ring-color: rgb(59 130 246 \/ .5); --tw-ring-offset-shadow: 0 0 #0000; --tw-ring-shadow: 0 0 #0000; --tw-shadow: 0 0 #0000; --tw-shadow-colored: 0 0 #0000; border-width: 0px; border-color: #d9e8e0;\">\u2022 Tratamiento de patolog\u00edas ungueales<\/li><li style=\"--tw-border-spacing-x: 0; --tw-border-spacing-y: 0; --tw-translate-x: 0; --tw-translate-y: 0; --tw-rotate: 0; --tw-skew-x: 0; --tw-skew-y: 0; --tw-scale-x: 1; --tw-scale-y: 1; --tw-scroll-snap-strictness: proximity; --tw-ring-offset-width: 0px; --tw-ring-offset-color: #fff; --tw-ring-color: rgb(59 130 246 \/ .5); --tw-ring-offset-shadow: 0 0 #0000; --tw-ring-shadow: 0 0 #0000; --tw-shadow: 0 0 #0000; --tw-shadow-colored: 0 0 #0000; border-width: 0px; border-color: #d9e8e0;\">\u2022 Pie diab\u00e9tico<\/li><\/ul>\t\t\t\t\t\t\t\t<\/div>\n\t\t\t\t<\/div>\n\t\t\t\t<\/div>\n\t\t\t\t\t<\/div>\n\t\t\t\t<\/div>\n\t\t<div class=\"elementor-element elementor-element-e32ba65 e-flex e-con-boxed e-con e-parent\" data-id=\"e32ba65\" data-element_type=\"container\">\n\t\t\t\t\t<div class=\"e-con-inner\">\n\t\t<div class=\"elementor-element elementor-element-bbfd67c e-con-full e-flex e-con e-child\" data-id=\"bbfd67c\" data-element_type=\"container\">\n\t\t\t\t<div class=\"elementor-element elementor-element-78801c6 elementor-widget elementor-widget-heading\" data-id=\"78801c6\" data-element_type=\"widget\" data-widget_type=\"heading.default\">\n\t\t\t\t\t<h2 class=\"elementor-heading-title elementor-size-default\"><span style=\"font-size: 2.25rem;letter-spacing: -0.025em;text-align: center\">\u00bfQuieres conocernos en persona?<\/span><\/h2>\t\t\t\t<\/div>\n\t\t\t\t<div class=\"elementor-element elementor-element-960b00a elementor-widget elementor-widget-heading\" data-id=\"960b00a\" data-element_type=\"widget\" data-widget_type=\"heading.default\">\n\t\t\t\t\t<h2 class=\"elementor-heading-title elementor-size-default\"><span style=\"font-size: 18px;font-weight: 400;letter-spacing: normal;text-align: center\">Vis\u00edtanos en nuestra cl\u00ednica en Ja\u00e9n o agenda una cita para conocer c\u00f3mo podemos ayudarte<\/span><\/h2>\t\t\t\t<\/div>\n\t\t\t\t<div class=\"elementor-element elementor-element-6808a10 elementor-align-center elementor-widget elementor-widget-button\" data-id=\"6808a10\" data-element_type=\"widget\" data-widget_type=\"button.default\">\n\t\t\t\t\t\t\t\t\t\t<a class=\"elementor-button elementor-button-link elementor-size-sm\" href=\"https:\/\/web2.prototipoweb.es\/\" id=\"enviar\">\n\t\t\t\t\t\t<span class=\"elementor-button-content-wrapper\">\n\t\t\t\t\t\t\t\t\t<span class=\"elementor-button-text\">Contactar con Nosotros<\/span>\n\t\t\t\t\t<\/span>\n\t\t\t\t\t<\/a>\n\t\t\t\t\t\t\t\t<\/div>\n\t\t\t\t<\/div>\n\t\t\t\t\t<\/div>\n\t\t\t\t<\/div>\n\t\t\t\t<\/div>\n\t\t","protected":false},"excerpt":{"rendered":"<p>Sobre Lovale M\u00e1s de 15 a\u00f1os dedicados al cuidado profesional de los pies en Ja\u00e9n Nuestra Historia Lovale naci\u00f3 en 2009 con una visi\u00f3n clara: ofrecer servicios de podolog\u00eda de la m\u00e1s alta calidad en Ja\u00e9n con un enfoque humano y cercano. Desde entonces, hemos ayudado a miles de pacientes a mejorar su calidad de [&hellip;]<\/p>\n","protected":false},"author":1,"featured_media":0,"parent":0,"menu_order":0,"comment_status":"closed","ping_status":"closed","template":"","meta":{"footnotes":""},"class_list":["post-10","page","type-page","status-publish","hentry"],"_links":{"self":[{"href":"https:\/\/web2.prototipoweb.es\/index.php?rest_route=\/wp\/v2\/pages\/10","targetHints":{"allow":["GET"]}}],"collection":[{"href":"https:\/\/web2.prototipoweb.es\/index.php?rest_route=\/wp\/v2\/pages"}],"about":[{"href":"https:\/\/web2.prototipoweb.es\/index.php?rest_route=\/wp\/v2\/types\/page"}],"author":[{"embeddable":true,"href":"https:\/\/web2.prototipoweb.es\/index.php?rest_route=\/wp\/v2\/users\/1"}],"replies":[{"embeddable":true,"href":"https:\/\/web2.prototipoweb.es\/index.php?rest_route=%2Fwp%2Fv2%2Fcomments&post=10"}],"version-history":[{"count":13,"href":"https:\/\/web2.prototipoweb.es\/index.php?rest_route=\/wp\/v2\/pages\/10\/revisions"}],"predecessor-version":[{"id":141,"href":"https:\/\/web2.prototipoweb.es\/index.php?rest_route=\/wp\/v2\/pages\/10\/revisions\/141"}],"wp:attachment":[{"href":"https:\/\/web2.prototipoweb.es\/index.php?rest_route=%2Fwp%2Fv2%2Fmedia&parent=10"}],"curies":[{"name":"wp","href":"https:\/\/api.w.org\/{rel}","templated":true}]}}